{"id":2567,"date":"2023-11-30T06:20:22","date_gmt":"2023-11-30T06:20:22","guid":{"rendered":"https:\/\/americaantigua.org\/?page_id=2567"},"modified":"2023-11-30T06:20:34","modified_gmt":"2023-11-30T06:20:34","slug":"bulletin","status":"publish","type":"page","link":"https:\/\/americaantigua.org\/es\/publications\/bulletin\/","title":{"rendered":"Am\u00e9rica\u00a0Antigua\ufffc"},"content":{"rendered":"\n<p>La Sociedad publica anualmente la revista \u201cAm\u00e9rica Antigua\u201d.<\/p>\n\n\n\n<p class=\"has-text-align-left has-medium-font-size\"><strong>Listado de las publicaciones<\/strong>:<\/p>\n\n\n\n<ul class=\"wp-block-list\"><li><a href=\"https:\/\/americaantigua.org\/publications\/bulletin\/aa2020\/\">D\u00e9cada de 2020, No. 23 ~<\/a><\/li><li><a href=\"https:\/\/americaantigua.org\/publications\/bulletin\/aa2010\/\">D\u00e9cada de 2010, No. 13 ~ No.22<\/a><\/li><li><a href=\"https:\/\/americaantigua.org\/publications\/bulletin\/aa2000\/\">D\u00e9cada de 2000, No.3 ~ No.12<\/a><\/li><li><a href=\"https:\/\/americaantigua.org\/publications\/bulletin\/aa1990\/\">D\u00e9cada 1990, Primer N\u00famero ~ No.2<\/a><\/li><\/ul>\n\n\n\n<p class=\"has-text-align-left has-text-align-center\"><strong><strong><strong><a href=\"https:\/\/americaantigua.org\/publications\/bulletin\/contribution\/\">Sobre la presentaci\u00f3n de manuscritos<\/a><\/strong><\/strong><\/strong><\/p>\n","protected":false},"excerpt":{"rendered":"<p>La Sociedad publica anualmente la revista \u201cAm\u00e9rica Antigua\u201d. Listado de las publicaciones: D\u00e9cada de 2020, No. 23 ~ D\u00e9cada de 2010, No. 13 ~ No.22 D\u00e9cada de 2000, No.3 ~ No.12 D\u00e9cada 1990, Primer N\u00famero ~ No.2 Sobre la presentaci\u00f3n de manuscritos<\/p>\n","protected":false},"author":7,"featured_media":0,"parent":2159,"menu_order":0,"comment_status":"closed","ping_status":"closed","template":"","meta":{"_locale":"es_PE","_original_post":"http:\/\/jssaa2019.local\/?page_id=133","footnotes":""},"class_list":["post-2567","page","type-page","status-publish","hentry","es-PE"],"aioseo_notices":[],"_links":{"self":[{"href":"https:\/\/americaantigua.org\/wp-json\/wp\/v2\/pages\/2567","targetHints":{"allow":["GET"]}}],"collection":[{"href":"https:\/\/americaantigua.org\/wp-json\/wp\/v2\/pages"}],"about":[{"href":"https:\/\/americaantigua.org\/wp-json\/wp\/v2\/types\/page"}],"author":[{"embeddable":true,"href":"https:\/\/americaantigua.org\/wp-json\/wp\/v2\/users\/7"}],"replies":[{"embeddable":true,"href":"https:\/\/americaantigua.org\/wp-json\/wp\/v2\/comments?post=2567"}],"version-history":[{"count":1,"href":"https:\/\/americaantigua.org\/wp-json\/wp\/v2\/pages\/2567\/revisions"}],"predecessor-version":[{"id":2568,"href":"https:\/\/americaantigua.org\/wp-json\/wp\/v2\/pages\/2567\/revisions\/2568"}],"up":[{"embeddable":true,"href":"https:\/\/americaantigua.org\/wp-json\/wp\/v2\/pages\/2159"}],"wp:attachment":[{"href":"https:\/\/americaantigua.org\/wp-json\/wp\/v2\/media?parent=2567"}],"curies":[{"name":"wp","href":"https:\/\/api.w.org\/{rel}","templated":true}]}}