{"id":2548,"date":"2023-11-30T05:41:42","date_gmt":"2023-11-30T05:41:42","guid":{"rendered":"https:\/\/americaantigua.org\/?page_id=2548"},"modified":"2023-11-30T05:48:57","modified_gmt":"2023-11-30T05:48:57","slug":"change","status":"publish","type":"page","link":"https:\/\/americaantigua.org\/es\/join\/change\/","title":{"rendered":"Solicitud para cambio de membres\u00eda"},"content":{"rendered":"\n<p>Si un Miembro Junior ya no se encuentra inscrito como estudiante de secundaria superior (por ejemplo, debido a su graduaci\u00f3n), debe solicitar el cambio de su condici\u00f3n a Miembro Estudiante o Miembro General. Del mismo modo, si un miembro estudiante ya no est\u00e1 matriculado como estudiante en una universidad o escuela de posgrado, debe solicitar el cambio de su condici\u00f3n a Miembro General.<\/p>\n\n\n\n<p>Adem\u00e1s, cualquier miembro que haya sido Miembro General de la Sociedad o de su predecesora, la Sociedad de Estudios de la Am\u00e9rica Antigua, durante m\u00e1s de 20 a\u00f1os, que tenga al menos 65 a\u00f1os y no tenga un empleo a tiempo completo, termina el pago de cuotas totalmente hasta el a\u00f1o de su solicitud, puede obtener la Membres\u00eda Senior siempre que su solicitud sea aprobada por la Junta Directiva. Para m\u00e1s informaci\u00f3n sobre la membres\u00eda Senior, consultar la informaci\u00f3n a continuaci\u00f3n.<\/p>\n\n\n\n<p>La cuota anual de membres\u00eda es Miembro General: 8000 yenes, Miembro Estudiantil: 6000 yenes, Miembro Junior: 4000 yenes.<\/p>\n\n\n\n<p>Se puede descargar la solicitud para cambio de la calidad del\u00a0miembro\u00a0al final de esta p\u00e1gina.<\/p>\n\n\n\n<p><strong>Sobre la solicitud de membres\u00eda senior<\/strong><\/p>\n\n\n\n<ul class=\"wp-block-list\"><li>Los que cumplan con todas las siguientes condiciones pueden calificar como Miembro Senior.<ol><li>Personas de 65 a\u00f1os o m\u00e1s que no ocupan un puesto a tiempo completo. Los puestos a tiempo completo, con excepci\u00f3n de los investigadores, incluyen los puestos catedr\u00e1ticos o de duraci\u00f3n determinada.<\/li><li>Los que hayan sido como miembros generales m\u00e1s de 20 a\u00f1os. A este n\u00famero de a\u00f1os se puede a\u00f1adir el n\u00famero de a\u00f1os de miembro general de la sociedad predecesora de esta asociaci\u00f3n, la Sociedad para Estudios de Am\u00e9rica Antigua.<\/li><li>La cuota de afiliaci\u00f3n ha sido pagada en su totalidad hasta el a\u00f1o anterior al que se presenta la solicitud.<\/li><li>Aquellos cuya solicitud para cambio de la calidad de\u00a0miembro\u00a0haya sido aprobada por la Junta Directiva.<\/li><\/ol><\/li><\/ul>\n\n\n\n<p>* Si una persona tiene 65 a\u00f1os o m\u00e1s, pero no desea o no solicita convertirse en Miembro Senior, no es necesario realizar el cambio de membres\u00eda.<\/p>\n\n\n\n<ul class=\"wp-block-list\"><li>Periodo para solicitar al miembro senior<ol><li>Se puede solicitar al miembro senior luego de cumplir los 65 a\u00f1os.<\/li><li>No se puede presentar ninguna solicitud de membres\u00eda senior mientras se tenga un cargo de alto nivel como Presidente, Secretario Administrativo o Miembro del Comit\u00e9 de Auditor\u00eda.<\/li><li>No se puede solicitar la afiliaci\u00f3n senior desde la publicaci\u00f3n de la fecha de elecci\u00f3n hasta el final de la asamblea general del mismo a\u00f1o.<\/li><\/ol><\/li><li>Un Miembro Senior tiene los siguientes los derechos.<ol><li>Puede enviar un art\u00edculo a nuestra revista.<\/li><li>Puede presentar una propuesta de ponencia en el Congreso Anual.<\/li><li>Puede recibir el bolet\u00edn de la Asociaci\u00f3n.<\/li><li>Puede solicitar la publicaci\u00f3n de una nota o informaci\u00f3n en el bolet\u00edn de la Asociaci\u00f3n.<\/li><li>Puede recibir un ejemplar de la revista.<\/li><\/ol><\/li><li>Los\u00a0miembros senior no tienen derecho de voto y no pueden ser candidatos en una elecci\u00f3n.<\/li><li>No tienen derecho de voto, pero pueden asistir a la asamblea general como observadores.<\/li><\/ul>\n\n\n\n<p><strong>Solicitud para cambio de membres\u00eda<\/strong><\/p>\n\n\n\n<ul class=\"wp-block-list\"><li><a href=\"https:\/\/americaantigua.org\/wp-content\/uploads\/2020\/09\/henko_form_student.docx\">Cambio de membres\u00eda junior a\u00a0membres\u00eda estudiantil (formato en Word)<\/a><\/li><li><a href=\"https:\/\/americaantigua.org\/wp-content\/uploads\/2020\/09\/henko_form_senior.docx\">Cambio de membres\u00eda estudiantil a\u00a0membres\u00eda general (formato en Word)<\/a><\/li><li><a href=\"https:\/\/americaantigua.org\/wp-content\/uploads\/2020\/09\/henko_form_to_student.docx\">Cambio de membres\u00eda general a membres\u00eda senior (formato en Word)<\/a><\/li><\/ul>\n","protected":false},"excerpt":{"rendered":"<p>Si un Miembro Junior ya no se encuentra inscrito como estudiante de secundaria superior (por ejemplo, debido a su graduaci\u00f3n), debe solicitar el cambio de su condici\u00f3n a Miembro Estudiante o Miembro General. Del mismo modo, si un miembro estudiante ya no est\u00e1 matriculado como estudiante en una universidad o escuela de posgrado, debe solicitar&#8230;<\/p>\n","protected":false},"author":7,"featured_media":0,"parent":2170,"menu_order":2,"comment_status":"closed","ping_status":"closed","template":"","meta":{"_locale":"es_PE","_original_post":"https:\/\/americaantigua.org\/?page_id=496","footnotes":""},"class_list":["post-2548","page","type-page","status-publish","hentry","es-PE"],"aioseo_notices":[],"_links":{"self":[{"href":"https:\/\/americaantigua.org\/wp-json\/wp\/v2\/pages\/2548","targetHints":{"allow":["GET"]}}],"collection":[{"href":"https:\/\/americaantigua.org\/wp-json\/wp\/v2\/pages"}],"about":[{"href":"https:\/\/americaantigua.org\/wp-json\/wp\/v2\/types\/page"}],"author":[{"embeddable":true,"href":"https:\/\/americaantigua.org\/wp-json\/wp\/v2\/users\/7"}],"replies":[{"embeddable":true,"href":"https:\/\/americaantigua.org\/wp-json\/wp\/v2\/comments?post=2548"}],"version-history":[{"count":3,"href":"https:\/\/americaantigua.org\/wp-json\/wp\/v2\/pages\/2548\/revisions"}],"predecessor-version":[{"id":2553,"href":"https:\/\/americaantigua.org\/wp-json\/wp\/v2\/pages\/2548\/revisions\/2553"}],"up":[{"embeddable":true,"href":"https:\/\/americaantigua.org\/wp-json\/wp\/v2\/pages\/2170"}],"wp:attachment":[{"href":"https:\/\/americaantigua.org\/wp-json\/wp\/v2\/media?parent=2548"}],"curies":[{"name":"wp","href":"https:\/\/api.w.org\/{rel}","templated":true}]}}