{"id":2542,"date":"2023-11-30T05:37:23","date_gmt":"2023-11-30T05:37:23","guid":{"rendered":"https:\/\/americaantigua.org\/?page_id=2542"},"modified":"2023-11-30T05:40:10","modified_gmt":"2023-11-30T05:40:10","slug":"register","status":"publish","type":"page","link":"https:\/\/americaantigua.org\/es\/join\/register\/","title":{"rendered":"Solicitud de nueva membres\u00eda"},"content":{"rendered":"\n<p>Seg\u00fan los estatutos de la Sociedad, pueden ser miembros aquellos que \u201cestudien la prehistoria y la arqueolog\u00eda de las Am\u00e9ricas y campos afines, y que est\u00e9n de acuerdo con los objetivos y proyectos de la Sociedad\u201d.<\/p>\n\n\n\n<p>Los miembros de la Sociedad est\u00e1n compuestos por Miembros Generales, Estudiantes, Junior y Senior. La afiliaci\u00f3n estudiantil es para estudiantes universitarios y de posgrado, mientras que la afiliaci\u00f3n junior es para estudiantes de secundaria y bachillerato. Los que no son estudiantes o alumnos son Miembros Generales. Los Miembros Senior son aquellos que han sido Miembros Generales durante al menos 20 a\u00f1os. Las cuotas anuales son de 8000 yenes para los Miembros Generales, 6000 yenes para los Miembros Estudiantes, y 4000 yenes para los Miembros Junior.<\/p>\n\n\n\n<p>Si desea hacerse miembro, llene el formulario de Solicitud de nueva membres\u00eda y env\u00edelo por correo a la secretar\u00eda de la Sociedad para la Am\u00e9rica Antigua. La afiliaci\u00f3n se conceder\u00e1 tras la aprobaci\u00f3n del Consejo Directivo de la Sociedad.<\/p>\n\n\n\n<p>Se puede descargar los documentos para presentar una solicitud al final de esta p\u00e1gina.<\/p>\n\n\n\n<p>Los Miembros Generales y los Miembros Estudiantiles tienen los siguientes derechos.<\/p>\n\n\n\n<ol class=\"wp-block-list\"><li>Pueden asistir a la asamblea general.<\/li><li>Pueden enviar un art\u00edculo a nuestra revista.<\/li><li>Pueden presentar sus estudios en el Congreso Anual.<\/li><li>Pueden recibir el bolet\u00edn de la Sociedad.<\/li><li>Pueden solicitar publicar una nota o informaci\u00f3n en el bolet\u00edn de la Sociedad.<\/li><li>Pueden recibir un ejemplar de nuestra revista.<\/li><\/ol>\n\n\n\n<p>Para obtener informaci\u00f3n sobre la membres\u00eda junior, consultar la informaci\u00f3n siguiente.<\/p>\n\n\n\n<ul class=\"wp-block-list\"><li>Est\u00e1 dirigido solamente a estudiantes de escuelas secundaria y secundaria superior.<\/li><li>Los Miembros Junior tienen los siguientes derechos.<ol><li>Pueden enviar un art\u00edculo a nuestra revista.<\/li><li>Pueden presentar sus estudios en el Congreso Anual.<\/li><li>Pueden recibir el bolet\u00edn de la Sociedad.<\/li><li>Pueden solicitar publicar una nota o informaci\u00f3n en el bolet\u00edn de la Sociedad.<\/li><li>Pueden recibir un ejemplar de nuestra revista.<\/li><\/ol><\/li><li>Los Miembros Junior no tienen derecho a voto y no pueden ser candidatos en una elecci\u00f3n.<\/li><li>No tienen derecho a voto, pero pueden asistir a la Asamblea General como observadores.<\/li><li>Se requiere el consentimiento de los padres\/tutores para la afiliaci\u00f3n y el pago de las cuotas de afiliaci\u00f3n en el momento de la admisi\u00f3n. Para ello, en el formulario de solicitud de afiliaci\u00f3n se incluye un espacio para que el padre o tutor firme y selle.<\/li><li>La cuota de afiliaci\u00f3n la paga el socio junior y el padre\/tutor debe firmar el formulario de transferencia de la cuota de afiliaci\u00f3n. Para ello, en el formulario de transferencia de la cuota de afiliaci\u00f3n se incluye una l\u00ednea de firma para los padres\/tutores.<\/li><\/ul>\n\n\n\n<p><a href=\"https:\/\/americaantigua.org\/wp-content\/uploads\/2020\/09\/nyukai_form.docx\">Solicitud para membres\u00eda general<\/a><br><a href=\"https:\/\/americaantigua.org\/wp-content\/uploads\/2021\/09\/nyukai_form_student.docx\">Solicitud para membres\u00eda estudiantil<\/a><br><a href=\"https:\/\/americaantigua.org\/wp-content\/uploads\/2020\/09\/nyukai_form_junior.docx\">Solicitud para membres\u00eda junior<\/a><\/p>\n","protected":false},"excerpt":{"rendered":"<p>Seg\u00fan los estatutos de la Sociedad, pueden ser miembros aquellos que \u201cestudien la prehistoria y la arqueolog\u00eda de las Am\u00e9ricas y campos afines, y que est\u00e9n de acuerdo con los objetivos y proyectos de la Sociedad\u201d. Los miembros de la Sociedad est\u00e1n compuestos por Miembros Generales, Estudiantes, Junior y Senior. La afiliaci\u00f3n estudiantil es para&#8230;<\/p>\n","protected":false},"author":7,"featured_media":0,"parent":2170,"menu_order":1,"comment_status":"closed","ping_status":"closed","template":"","meta":{"_locale":"es_PE","_original_post":"https:\/\/americaantigua.org\/?page_id=485","footnotes":""},"class_list":["post-2542","page","type-page","status-publish","hentry","es-PE"],"aioseo_notices":[],"_links":{"self":[{"href":"https:\/\/americaantigua.org\/wp-json\/wp\/v2\/pages\/2542","targetHints":{"allow":["GET"]}}],"collection":[{"href":"https:\/\/americaantigua.org\/wp-json\/wp\/v2\/pages"}],"about":[{"href":"https:\/\/americaantigua.org\/wp-json\/wp\/v2\/types\/page"}],"author":[{"embeddable":true,"href":"https:\/\/americaantigua.org\/wp-json\/wp\/v2\/users\/7"}],"replies":[{"embeddable":true,"href":"https:\/\/americaantigua.org\/wp-json\/wp\/v2\/comments?post=2542"}],"version-history":[{"count":3,"href":"https:\/\/americaantigua.org\/wp-json\/wp\/v2\/pages\/2542\/revisions"}],"predecessor-version":[{"id":2547,"href":"https:\/\/americaantigua.org\/wp-json\/wp\/v2\/pages\/2542\/revisions\/2547"}],"up":[{"embeddable":true,"href":"https:\/\/americaantigua.org\/wp-json\/wp\/v2\/pages\/2170"}],"wp:attachment":[{"href":"https:\/\/americaantigua.org\/wp-json\/wp\/v2\/media?parent=2542"}],"curies":[{"name":"wp","href":"https:\/\/api.w.org\/{rel}","templated":true}]}}