{"id":2530,"date":"2023-11-30T04:48:13","date_gmt":"2023-11-30T04:48:13","guid":{"rendered":"https:\/\/americaantigua.org\/?page_id=2530"},"modified":"2023-11-30T04:50:18","modified_gmt":"2023-11-30T04:50:18","slug":"events","status":"publish","type":"page","link":"https:\/\/americaantigua.org\/es\/info\/events\/","title":{"rendered":"Informaci\u00f3n de Eventos"},"content":{"rendered":"\n<ul class=\"wp-block-list\"><li><a href=\"https:\/\/americaantigua.org\/es\/info\/events\/official\/\">Informaci\u00f3n de eventos organizados por esta sociedad acad\u00e9mica o en los que colabora<\/a><\/li><li><a href=\"https:\/\/americaantigua.org\/es\/info\/events\/members\/\">Informaci\u00f3n de eventos de los miembros<\/a><\/li><li><a href=\"https:\/\/americaantigua.org\/es\/info\/events\/others\/\">Otros eventos que se relacionan con Am\u00e9rica antigua<\/a><\/li><\/ul>\n","protected":false},"excerpt":{"rendered":"<p>Informaci\u00f3n de eventos organizados por esta sociedad acad\u00e9mica o en los que colabora Informaci\u00f3n de eventos de los miembros Otros eventos que se relacionan con Am\u00e9rica antigua<\/p>\n","protected":false},"author":7,"featured_media":0,"parent":2198,"menu_order":1,"comment_status":"closed","ping_status":"closed","template":"","meta":{"_locale":"es_PE","_original_post":"http:\/\/jssaa2019.local\/?page_id=94","footnotes":""},"class_list":["post-2530","page","type-page","status-publish","hentry","es-PE"],"aioseo_notices":[],"_links":{"self":[{"href":"https:\/\/americaantigua.org\/wp-json\/wp\/v2\/pages\/2530","targetHints":{"allow":["GET"]}}],"collection":[{"href":"https:\/\/americaantigua.org\/wp-json\/wp\/v2\/pages"}],"about":[{"href":"https:\/\/americaantigua.org\/wp-json\/wp\/v2\/types\/page"}],"author":[{"embeddable":true,"href":"https:\/\/americaantigua.org\/wp-json\/wp\/v2\/users\/7"}],"replies":[{"embeddable":true,"href":"https:\/\/americaantigua.org\/wp-json\/wp\/v2\/comments?post=2530"}],"version-history":[{"count":2,"href":"https:\/\/americaantigua.org\/wp-json\/wp\/v2\/pages\/2530\/revisions"}],"predecessor-version":[{"id":2532,"href":"https:\/\/americaantigua.org\/wp-json\/wp\/v2\/pages\/2530\/revisions\/2532"}],"up":[{"embeddable":true,"href":"https:\/\/americaantigua.org\/wp-json\/wp\/v2\/pages\/2198"}],"wp:attachment":[{"href":"https:\/\/americaantigua.org\/wp-json\/wp\/v2\/media?parent=2530"}],"curies":[{"name":"wp","href":"https:\/\/api.w.org\/{rel}","templated":true}]}}