{"id":2497,"date":"2023-11-30T04:03:09","date_gmt":"2023-11-30T04:03:09","guid":{"rendered":"https:\/\/americaantigua.org\/?page_id=2497"},"modified":"2023-11-30T04:28:44","modified_gmt":"2023-11-30T04:28:44","slug":"link","status":"publish","type":"page","link":"https:\/\/americaantigua.org\/es\/info\/link\/","title":{"rendered":"Enlaces"},"content":{"rendered":"\n<ul class=\"wp-block-list\"><li><a href=\"https:\/\/americaantigua.org\/es\/info\/link\/sns\/\">Redes sociales de Sociedad Japonesa de Estudios sobre la Am\u00e9rica Antigua<\/a><\/li><li><a href=\"https:\/\/americaantigua.org\/es\/info\/link\/university\/\">Universidades<\/a><\/li><li><a href=\"https:\/\/americaantigua.org\/es\/info\/link\/museum\/\">Museos<\/a><\/li><li><a href=\"https:\/\/americaantigua.org\/es\/info\/link\/society\/\">Sociedades acad\u00e9micas<\/a><\/li><li><a href=\"https:\/\/americaantigua.org\/es\/info\/link\/group\/\">Organizaciones<\/a><\/li><li><a href=\"https:\/\/americaantigua.org\/es\/info\/link\/membersweb\/\">P\u00e1gina web y redes sociales de los miembros<\/a><\/li><\/ul>\n","protected":false},"excerpt":{"rendered":"<p>Redes sociales de Sociedad Japonesa de Estudios sobre la Am\u00e9rica Antigua Universidades Museos Sociedades acad\u00e9micas Organizaciones P\u00e1gina web y redes sociales de los miembros<\/p>\n","protected":false},"author":7,"featured_media":0,"parent":2198,"menu_order":4,"comment_status":"closed","ping_status":"closed","template":"","meta":{"_locale":"es_PE","_original_post":"https:\/\/huaquero.org\/?page_id=243","footnotes":""},"class_list":["post-2497","page","type-page","status-publish","hentry","es-PE"],"aioseo_notices":[],"_links":{"self":[{"href":"https:\/\/americaantigua.org\/wp-json\/wp\/v2\/pages\/2497","targetHints":{"allow":["GET"]}}],"collection":[{"href":"https:\/\/americaantigua.org\/wp-json\/wp\/v2\/pages"}],"about":[{"href":"https:\/\/americaantigua.org\/wp-json\/wp\/v2\/types\/page"}],"author":[{"embeddable":true,"href":"https:\/\/americaantigua.org\/wp-json\/wp\/v2\/users\/7"}],"replies":[{"embeddable":true,"href":"https:\/\/americaantigua.org\/wp-json\/wp\/v2\/comments?post=2497"}],"version-history":[{"count":3,"href":"https:\/\/americaantigua.org\/wp-json\/wp\/v2\/pages\/2497\/revisions"}],"predecessor-version":[{"id":2517,"href":"https:\/\/americaantigua.org\/wp-json\/wp\/v2\/pages\/2497\/revisions\/2517"}],"up":[{"embeddable":true,"href":"https:\/\/americaantigua.org\/wp-json\/wp\/v2\/pages\/2198"}],"wp:attachment":[{"href":"https:\/\/americaantigua.org\/wp-json\/wp\/v2\/media?parent=2497"}],"curies":[{"name":"wp","href":"https:\/\/api.w.org\/{rel}","templated":true}]}}