{"id":2475,"date":"2023-11-30T01:30:46","date_gmt":"2023-11-30T01:30:46","guid":{"rendered":"https:\/\/americaantigua.org\/?page_id=2475"},"modified":"2023-11-30T01:49:53","modified_gmt":"2023-11-30T01:49:53","slug":"sponsorship","status":"publish","type":"page","link":"https:\/\/americaantigua.org\/es\/sponsorship\/","title":{"rendered":"Solicitud para uso del nombre de esta sociedad acad\u00e9mica"},"content":{"rendered":"\n<p><strong>Sobre el uso del nombre<\/strong><\/p>\n\n\n\n<p>La Sociedad autoriza el uso su nombre (coorganizador, colaborador, mecenas) para proyectos que se ajusten a sus estatutos, previo debate del Consejo Administrativo. Si desea utilizar nuestro nombre, p\u00f3ngase en contacto con nuestra Secretar\u00eda. No es necesario ser miembro de la Sociedad para presentar una solicitud.<\/p>\n\n\n\n<p><strong>Procedimiento para la solicitud<\/strong><\/p>\n\n\n\n<p>Para realizar la solicitud, favor de enviar en un mensaje de correo electr\u00f3nico dirigido a la Secretar\u00eda un archivo en formato de MS Word con la siguiente informaci\u00f3n. No existe un formato espec\u00edfico.<\/p>\n\n\n\n<ol class=\"wp-block-list\"><li>Nombre del solicitante<\/li><li>Nombre de la instituci\u00f3n<\/li><li>Contenido (Prop\u00f3sito del evento, Informaci\u00f3n del organizador [Organizaci\u00f3n, copatrocinador(es), colaborador(es)], programa, conferencistas, etc.)<\/li><li>Duraci\u00f3n y lugar del evento<\/li><li>N\u00famero de participantes del evento, condiciones para la participaci\u00f3n (Evento de pago\/gratuito, necesidad de inscripci\u00f3n, idioma que se utilizar\u00e1)<\/li><\/ol>\n\n\n\n<p><strong>Sobre la aprobaci\u00f3n del uso<\/strong><\/p>\n\n\n\n<p>Luego de que la Directiva delibere sobre la solicitud presentada, la Secretar\u00eda informar\u00e1 su aprobaci\u00f3n o desaprobaci\u00f3n al solicitante. El tiempo para llegar a una decisi\u00f3n es de aproximadamente 10 d\u00edas, por lo cual recomendamos hacer la solicitud con la debida anticipaci\u00f3n.<\/p>\n\n\n\n<p><strong>Reporte del evento<\/strong><\/p>\n\n\n\n<p>Una vez aprobado el evento, ser\u00e1 incluido en nuestro bolet\u00edn. Despu\u00e9s de realizado el evento, la Secretar\u00eda solicitar\u00e1 un informe sobre el mismo que deber\u00e1 ser entregado a la brevedad posible.<\/p>\n","protected":false},"excerpt":{"rendered":"<p>Sobre el uso del nombre La Sociedad autoriza el uso su nombre (coorganizador, colaborador, mecenas) para proyectos que se ajusten a sus estatutos, previo debate del Consejo Administrativo. Si desea utilizar nuestro nombre, p\u00f3ngase en contacto con nuestra Secretar\u00eda. No es necesario ser miembro de la Sociedad para presentar una solicitud. Procedimiento para la solicitud&#8230;<\/p>\n","protected":false},"author":7,"featured_media":0,"parent":0,"menu_order":0,"comment_status":"closed","ping_status":"closed","template":"","meta":{"_locale":"es_PE","_original_post":"https:\/\/americaantigua.org\/?page_id=2473","footnotes":""},"class_list":["post-2475","page","type-page","status-publish","hentry","es-PE"],"aioseo_notices":[],"_links":{"self":[{"href":"https:\/\/americaantigua.org\/wp-json\/wp\/v2\/pages\/2475","targetHints":{"allow":["GET"]}}],"collection":[{"href":"https:\/\/americaantigua.org\/wp-json\/wp\/v2\/pages"}],"about":[{"href":"https:\/\/americaantigua.org\/wp-json\/wp\/v2\/types\/page"}],"author":[{"embeddable":true,"href":"https:\/\/americaantigua.org\/wp-json\/wp\/v2\/users\/7"}],"replies":[{"embeddable":true,"href":"https:\/\/americaantigua.org\/wp-json\/wp\/v2\/comments?post=2475"}],"version-history":[{"count":3,"href":"https:\/\/americaantigua.org\/wp-json\/wp\/v2\/pages\/2475\/revisions"}],"predecessor-version":[{"id":2486,"href":"https:\/\/americaantigua.org\/wp-json\/wp\/v2\/pages\/2475\/revisions\/2486"}],"wp:attachment":[{"href":"https:\/\/americaantigua.org\/wp-json\/wp\/v2\/media?parent=2475"}],"curies":[{"name":"wp","href":"https:\/\/api.w.org\/{rel}","templated":true}]}}