{"id":2204,"date":"2022-08-31T02:48:35","date_gmt":"2022-08-31T02:48:35","guid":{"rendered":"https:\/\/americaantigua.org\/?page_id=2204"},"modified":"2022-08-31T02:48:35","modified_gmt":"2022-08-31T02:48:35","slug":"posts","status":"publish","type":"page","link":"https:\/\/americaantigua.org\/es\/info\/posts\/","title":{"rendered":"Art\u00edculos para el Bolet\u00edn de las noticias por correo electr\u00f3nico"},"content":{"rendered":"<p><strong>Reglas para las contribuciones<\/strong><\/p>\n<p>(1) \u00a0Los miembros que deseen contribuir con informaci\u00f3n de eventos acerca de estudios sobre la Am\u00e9rica Antigua, como reuniones de grupos de estudio, simposios, conferencias y nuevas publicaciones, para el \u201cBolet\u00edn de noticias por correo electr\u00f3nico\u201d deben informar a la oficina de la sociedad \uff1cnews*americaantigua.org\uff1e\uff08al realizar el env\u00edo, cambio el \u201c*\u201d por \u201c@\u201d\uff09. Solo los miembros de la sociedad puede realizar contribuciones. Adem\u00e1s, las contribuciones ser\u00e1n distribuidas a trav\u00e9s de las redes sociales de la Sociedad.<\/p>\n<p>(2) \u00a0La Secretar\u00eda de la Sociedad se reserva el derecho de decidir si distribuye o no una contribuci\u00f3n en el \u201cBolet\u00edn de noticias por correo electr\u00f3nico\u201d a sus miembros. Agradecemos anticipadamente su comprensi\u00f3n.<\/p>\n<p>(3) \u00a0Para las contribuciones al \u201cBolet\u00edn de noticias por correo electr\u00f3nico\u201d, aseg\u00farese de cumplir con lo siguiente (los puntos \u2460 &#8211; \u2464 son obligatorios). El \u201cBolet\u00edn de Noticias por correo electr\u00f3nico\u201d solo permite distribuir informaci\u00f3n por texto, y no folletos o volantes. La oficina no corregir\u00e1 errores tipogr\u00e1ficos de la informaci\u00f3n presentada.<\/p>\n<p>\u2460\u300cXXXXXX\uff08Nombre del evento \uff09\u300d<br \/>\n\u2461 \u00a0Fecha y Hora: d\u00eda, mes (d\u00eda de la Semana) (- hasta d\u00eda, mes (d\u00eda de la semana)), hora y minutos\uff08Si es necesario, d\u00edas de no atenci\u00f3n del evento\uff09<br \/>\n\u2462 \u00a0Lugar\uff1a<br \/>\n\u2463 \u00a0Contenido: Informaci\u00f3n necesaria (resumen del evento, anfitri\u00f3n, contacto) redactada de la manera m\u00e1s simple posible.<br \/>\n\u2464 \u00a0Miembros solicitantes:<br \/>\n\u2465 \u00a0La direcci\u00f3n en Internet del evento\uff1a<\/p>\n<p>(4) \u00a0Las solicitudes de distribuci\u00f3n de eventos a realizarse inmediatamente pueden ser rechazadas.<\/p>\n<p>(5) \u00a0La direcci\u00f3n de entrega del \u201cBolet\u00edn de noticias de correo electr\u00f3nico\u201d est\u00e1 limitada a los miembros registrados en la sociedad.<\/p>\n<p>(6) \u00a0Seg\u00fan corresponda, una vez finalizado el evento, se borrar\u00e1 de la p\u00e1gina Web de la Sociedad los eventos publicados en el \u201cBolet\u00edn de noticias por correo electr\u00f3nico\u201d.<\/p>\n<p style=\"font-weight: 400;\">Esperamos recibir las contribuciones de nuestros miembros al \u201cBolet\u00edn de noticias por correo electr\u00f3nico\u201d.<\/p>\n","protected":false},"excerpt":{"rendered":"<p>Reglas para las contribuciones (1) \u00a0Los miembros que deseen contribuir con informaci\u00f3n de eventos acerca de estudios sobre la Am\u00e9rica Antigua, como reuniones de grupos de estudio, simposios, conferencias y nuevas publicaciones, para el \u201cBolet\u00edn de noticias por correo electr\u00f3nico\u201d deben informar a la oficina de la sociedad \uff1cnews*americaantigua.org\uff1e\uff08al realizar el env\u00edo, cambio el \u201c*\u201d&#8230;<\/p>\n","protected":false},"author":7,"featured_media":0,"parent":2198,"menu_order":0,"comment_status":"closed","ping_status":"closed","template":"","meta":{"_locale":"es_PE","_original_post":"https:\/\/americaantigua.org\/?page_id=976","footnotes":""},"class_list":["post-2204","page","type-page","status-publish","hentry","es-PE"],"aioseo_notices":[],"_links":{"self":[{"href":"https:\/\/americaantigua.org\/wp-json\/wp\/v2\/pages\/2204","targetHints":{"allow":["GET"]}}],"collection":[{"href":"https:\/\/americaantigua.org\/wp-json\/wp\/v2\/pages"}],"about":[{"href":"https:\/\/americaantigua.org\/wp-json\/wp\/v2\/types\/page"}],"author":[{"embeddable":true,"href":"https:\/\/americaantigua.org\/wp-json\/wp\/v2\/users\/7"}],"replies":[{"embeddable":true,"href":"https:\/\/americaantigua.org\/wp-json\/wp\/v2\/comments?post=2204"}],"version-history":[{"count":1,"href":"https:\/\/americaantigua.org\/wp-json\/wp\/v2\/pages\/2204\/revisions"}],"predecessor-version":[{"id":2205,"href":"https:\/\/americaantigua.org\/wp-json\/wp\/v2\/pages\/2204\/revisions\/2205"}],"up":[{"embeddable":true,"href":"https:\/\/americaantigua.org\/wp-json\/wp\/v2\/pages\/2198"}],"wp:attachment":[{"href":"https:\/\/americaantigua.org\/wp-json\/wp\/v2\/media?parent=2204"}],"curies":[{"name":"wp","href":"https:\/\/api.w.org\/{rel}","templated":true}]}}