{"id":2198,"date":"2022-08-31T02:42:27","date_gmt":"2022-08-31T02:42:27","guid":{"rendered":"https:\/\/americaantigua.org\/?page_id=2198"},"modified":"2023-11-30T04:44:19","modified_gmt":"2023-11-30T04:44:19","slug":"info","status":"publish","type":"page","link":"https:\/\/americaantigua.org\/es\/info\/","title":{"rendered":"Informaci\u00f3n"},"content":{"rendered":"\n<ul class=\"wp-block-list\"><li><a href=\"https:\/\/americaantigua.org\/es\/info\/events\/\">Informaci\u00f3n de eventos<\/a><\/li><li><a href=\"https:\/\/americaantigua.org\/es\/info\/call\/\">Informaci\u00f3n de convocatorias de trabajo<\/a><\/li><li><a href=\"https:\/\/americaantigua.org\/es\/info\/documents\/\">Bibliograf\u00eda<\/a><\/li><li><a href=\"https:\/\/americaantigua.org\/es\/info\/reports\/\">Informe<\/a><\/li><li><a href=\"https:\/\/americaantigua.org\/es\/info\/link\/\">Enlaces<\/a><\/li><li><a href=\"https:\/\/americaantigua.org\/es\/info\/posts\/\">Enviar una nota a la secci\u00f3n de noticias por correo electr\u00f3nico<\/a><\/li><li><a href=\"https:\/\/americaantigua.org\/es\/info\/feature\/\">Art\u00edculo Especial<\/a><\/li><\/ul>\n","protected":false},"excerpt":{"rendered":"<p>Informaci\u00f3n de eventos Informaci\u00f3n de convocatorias de trabajo Bibliograf\u00eda Informe Enlaces Enviar una nota a la secci\u00f3n de noticias por correo electr\u00f3nico Art\u00edculo Especial<\/p>\n","protected":false},"author":7,"featured_media":0,"parent":0,"menu_order":6,"comment_status":"closed","ping_status":"closed","template":"","meta":{"_locale":"es_PE","_original_post":"https:\/\/huaquero.org\/?page_id=406","footnotes":""},"class_list":["post-2198","page","type-page","status-publish","hentry","es-PE"],"aioseo_notices":[],"_links":{"self":[{"href":"https:\/\/americaantigua.org\/wp-json\/wp\/v2\/pages\/2198","targetHints":{"allow":["GET"]}}],"collection":[{"href":"https:\/\/americaantigua.org\/wp-json\/wp\/v2\/pages"}],"about":[{"href":"https:\/\/americaantigua.org\/wp-json\/wp\/v2\/types\/page"}],"author":[{"embeddable":true,"href":"https:\/\/americaantigua.org\/wp-json\/wp\/v2\/users\/7"}],"replies":[{"embeddable":true,"href":"https:\/\/americaantigua.org\/wp-json\/wp\/v2\/comments?post=2198"}],"version-history":[{"count":4,"href":"https:\/\/americaantigua.org\/wp-json\/wp\/v2\/pages\/2198\/revisions"}],"predecessor-version":[{"id":2528,"href":"https:\/\/americaantigua.org\/wp-json\/wp\/v2\/pages\/2198\/revisions\/2528"}],"wp:attachment":[{"href":"https:\/\/americaantigua.org\/wp-json\/wp\/v2\/media?parent=2198"}],"curies":[{"name":"wp","href":"https:\/\/api.w.org\/{rel}","templated":true}]}}