{"id":2170,"date":"2022-08-30T04:34:25","date_gmt":"2022-08-30T04:34:25","guid":{"rendered":"https:\/\/americaantigua.org\/?page_id=2170"},"modified":"2023-11-30T05:39:39","modified_gmt":"2023-11-30T05:39:39","slug":"join","status":"publish","type":"page","link":"https:\/\/americaantigua.org\/es\/join\/","title":{"rendered":"Miembros"},"content":{"rendered":"\n<p class=\"has-text-align-left\">La Sociedad Japonesa de Estudios sobre la Am\u00e9rica Antigua convoca a nuevos miembros.<\/p>\n\n\n\n<ol class=\"wp-block-list\"><li><a href=\"https:\/\/americaantigua.org\/es\/join\/register\/\">Solicitud para nueva membres\u00eda<\/a><\/li><li><a href=\"https:\/\/americaantigua.org\/es\/join\/change\/\">Solicitud para cambiar el tipo de membres\u00eda<\/a><ul><li>Cambio de membres\u00eda general a membres\u00eda s\u00e9nior (optativo)<\/li><li>Cambio de membres\u00eda estudiantil a membres\u00eda general (obligatorio)<\/li><li>Cambio de membres\u00eda general a membres\u00eda estudiantil (obligatorio)<\/li><li>Cambio de membres\u00eda junior a membres\u00eda estudiantil o general (obligatorio)<\/li><\/ul><\/li><\/ol>\n\n\n\n<p class=\"has-text-align-left\">Cada a\u00f1o se inicia desde enero. Puede descargar el formulario de solicitud de membres\u00eda y cambio de membres\u00eda en los enlaces.<\/p>\n","protected":false},"excerpt":{"rendered":"<p>La Sociedad Japonesa de Estudios sobre la Am\u00e9rica Antigua convoca a nuevos miembros. Solicitud para nueva membres\u00eda Solicitud para cambiar el tipo de membres\u00eda Cambio de membres\u00eda general a membres\u00eda s\u00e9nior (optativo) Cambio de membres\u00eda estudiantil a membres\u00eda general (obligatorio) Cambio de membres\u00eda general a membres\u00eda estudiantil (obligatorio) Cambio de membres\u00eda junior a membres\u00eda estudiantil&#8230;<\/p>\n","protected":false},"author":7,"featured_media":0,"parent":0,"menu_order":3,"comment_status":"closed","ping_status":"closed","template":"","meta":{"_locale":"es_PE","_original_post":"http:\/\/jssaa2019.local\/?page_id=86","footnotes":""},"class_list":["post-2170","page","type-page","status-publish","hentry","es-PE"],"aioseo_notices":[],"_links":{"self":[{"href":"https:\/\/americaantigua.org\/wp-json\/wp\/v2\/pages\/2170","targetHints":{"allow":["GET"]}}],"collection":[{"href":"https:\/\/americaantigua.org\/wp-json\/wp\/v2\/pages"}],"about":[{"href":"https:\/\/americaantigua.org\/wp-json\/wp\/v2\/types\/page"}],"author":[{"embeddable":true,"href":"https:\/\/americaantigua.org\/wp-json\/wp\/v2\/users\/7"}],"replies":[{"embeddable":true,"href":"https:\/\/americaantigua.org\/wp-json\/wp\/v2\/comments?post=2170"}],"version-history":[{"count":3,"href":"https:\/\/americaantigua.org\/wp-json\/wp\/v2\/pages\/2170\/revisions"}],"predecessor-version":[{"id":2546,"href":"https:\/\/americaantigua.org\/wp-json\/wp\/v2\/pages\/2170\/revisions\/2546"}],"wp:attachment":[{"href":"https:\/\/americaantigua.org\/wp-json\/wp\/v2\/media?parent=2170"}],"curies":[{"name":"wp","href":"https:\/\/api.w.org\/{rel}","templated":true}]}}