{"id":2159,"date":"2022-08-30T04:05:31","date_gmt":"2022-08-30T04:05:31","guid":{"rendered":"https:\/\/americaantigua.org\/?page_id=2159"},"modified":"2023-11-30T06:26:31","modified_gmt":"2023-11-30T06:26:31","slug":"publications","status":"publish","type":"page","link":"https:\/\/americaantigua.org\/es\/publications\/","title":{"rendered":"Publicaci\u00f3n"},"content":{"rendered":"\n<h4 class=\"has-text-align-left has-medium-font-size wp-block-heading\"><strong>1. <a href=\"https:\/\/americaantigua.org\/es\/publications\/bulletin\/\">Am\u00e9rica Antigua<\/a> (Desde 1998~)<\/strong><\/h4>\n\n\n\n<p>La Sociedad publica anualmente la revista \u201cAm\u00e9rica Antigua\u201d.<\/p>\n\n\n\n<p class=\"has-text-align-center\">* * *<\/p>\n\n\n\n<p class=\"has-medium-font-size\"><strong>2. Bolet\u00edn de la Sociedad Japonesa de Estudios sobre la Am\u00e9rica Antigua (Desde 1997~)<\/strong><\/p>\n\n\n\n<p>La Sociedad publica anualmente en su p\u00e1gina Web este bolet\u00edn a trav\u00e9s de la secretar\u00eda. Este bolet\u00edn incluye el informe de la Junta Directiva, el informe de la Asamblea General realizada en el Congreso Anual, las pol\u00edticas administrativas de la Sociedad, comunicaciones de la Secretar\u00eda y publicaciones de los miembros.<\/p>\n\n\n\n<p><strong>Lista de los boletines publicados:<\/strong><\/p>\n\n\n\n<ul class=\"wp-block-list\"><li><a href=\"https:\/\/americaantigua.org\/wp-content\/uploads\/2023\/08\/r48.pdf\">2023, No. 48<\/a><\/li><li><a href=\"https:\/\/americaantigua.org\/wp-content\/uploads\/2022\/08\/r47.pdf\">2022, No. 47<\/a><\/li><li><a href=\"https:\/\/americaantigua.org\/wp-content\/uploads\/2021\/07\/r046.pdf\">2021, No. 46<\/a><\/li><li>2020, No. 45<\/li><li>D\u00e9cada de 2010, No. 27 ~ No.44<\/li><li>D\u00e9cada de 2000, No.7 ~ No.44<\/li><li>D\u00e9cada de 1990, No.1 ~ No.6<\/li><\/ul>\n\n\n\n<p><\/p>\n\n\n\n<p class=\"has-text-align-center\"><\/p>\n","protected":false},"excerpt":{"rendered":"<p>1. Am\u00e9rica Antigua (Desde 1998~) La Sociedad publica anualmente la revista \u201cAm\u00e9rica Antigua\u201d. * * * 2. Bolet\u00edn de la Sociedad Japonesa de Estudios sobre la Am\u00e9rica Antigua (Desde 1997~) La Sociedad publica anualmente en su p\u00e1gina Web este bolet\u00edn a trav\u00e9s de la secretar\u00eda. Este bolet\u00edn incluye el informe de la Junta Directiva, el&#8230;<\/p>\n","protected":false},"author":7,"featured_media":0,"parent":0,"menu_order":7,"comment_status":"closed","ping_status":"closed","template":"","meta":{"_locale":"es_PE","_original_post":"http:\/\/jssaa2019.local\/?page_id=90","footnotes":""},"class_list":["post-2159","page","type-page","status-publish","hentry","es-PE"],"aioseo_notices":[],"_links":{"self":[{"href":"https:\/\/americaantigua.org\/wp-json\/wp\/v2\/pages\/2159","targetHints":{"allow":["GET"]}}],"collection":[{"href":"https:\/\/americaantigua.org\/wp-json\/wp\/v2\/pages"}],"about":[{"href":"https:\/\/americaantigua.org\/wp-json\/wp\/v2\/types\/page"}],"author":[{"embeddable":true,"href":"https:\/\/americaantigua.org\/wp-json\/wp\/v2\/users\/7"}],"replies":[{"embeddable":true,"href":"https:\/\/americaantigua.org\/wp-json\/wp\/v2\/comments?post=2159"}],"version-history":[{"count":14,"href":"https:\/\/americaantigua.org\/wp-json\/wp\/v2\/pages\/2159\/revisions"}],"predecessor-version":[{"id":2572,"href":"https:\/\/americaantigua.org\/wp-json\/wp\/v2\/pages\/2159\/revisions\/2572"}],"wp:attachment":[{"href":"https:\/\/americaantigua.org\/wp-json\/wp\/v2\/media?parent=2159"}],"curies":[{"name":"wp","href":"https:\/\/api.w.org\/{rel}","templated":true}]}}