{"id":2127,"date":"2022-08-30T03:57:07","date_gmt":"2022-08-30T03:57:07","guid":{"rendered":"https:\/\/americaantigua.org\/?page_id=2127"},"modified":"2022-08-30T03:57:07","modified_gmt":"2022-08-30T03:57:07","slug":"session","status":"publish","type":"page","link":"https:\/\/americaantigua.org\/es\/session\/","title":{"rendered":"Reuniones de Investigaci\u00f3n"},"content":{"rendered":"\n<figure class=\"wp-block-table\"><table><tbody><tr><td class=\"has-text-align-center\" data-align=\"center\"><\/td><td class=\"has-text-align-center\" data-align=\"center\"><a href=\"https:\/\/americaantigua.org\/west\/\">Reuniones de investigaci\u00f3n de la Secci\u00f3n Jap\u00f3n Oeste<\/a><\/td><td class=\"has-text-align-center\" data-align=\"center\"><a href=\"https:\/\/americaantigua.org\/east\/\">Reuniones de investigaci\u00f3n de la Secci\u00f3n de Jap\u00f3n Este<\/a><\/td><\/tr><tr><td class=\"has-text-align-center\" data-align=\"center\"><strong>2022<\/strong><\/td><td class=\"has-text-align-center\" data-align=\"center\">\u7b2c12\u56de\u300c\u82e5\u624b\u7814\u7a76\u8005\u306b\u3088\u308b\u7814\u7a76\u306e\u7d39\u4ecb2<br>\uff1a\u30e2\u30cb\u30e5\u30e1\u30f3\u30c8\u306e\u306f\u3058\u307e\u308a<br>-\u300c\u6368\u3066\u308b\u300d\u3068\u300c\u7bc9\u304f\u300d\u306e\u306f\u3056\u307e\u304b\u3089\u300d<\/td><td class=\"has-text-align-center\" data-align=\"center\">\u7b2c14\u56de\u300c\u82e5\u624b\u7814\u7a76\u8005\u306b\u3088\u308b\u7814\u7a76\u306e\u7d39\u4ecb2<br>\uff1a\u30e2\u30cb\u30e5\u30e1\u30f3\u30c8\u306e\u306f\u3058\u307e\u308a<br>-\u300c\u6368\u3066\u308b\u300d\u3068\u300c\u7bc9\u304f\u300d\u306e\u306f\u3056\u307e\u304b\u3089\u300d<\/td><\/tr><tr><td class=\"has-text-align-center\" data-align=\"center\"><strong>2021<\/strong><\/td><td class=\"has-text-align-center\" data-align=\"center\">\u7b2c11\u56de\u300c\u8457\u8005\u3068\u8a9e\u308b\u56f3\u66f8\u7d39\u4ecb\u3000<br>\u305d\u306e\u88cf\u5074\u5168\u90e8\u898b\u305b\u307e\u3059\uff01\uff01\u300d<br>\u300e\u56f3\u8aac\u30de\u30e4\u6587\u660e\u300f\u00d7\u300e\u53e4\u4ee3\u30de\u30e4\u6587\u660e\u3000\u6804\u83ef\u3068\u8870\u4ea1\u306e3000\u5e74\u300f<\/td><td class=\"has-text-align-center\" data-align=\"center\">13\u00aa edici\u00f3n \u201cEstudios de j\u00f3venes investigadores 1: La calibraci\u00f3n de C14 edad y el refinamiento de la cronolog\u00eda cer\u00e1mica mediante un an\u00e1lisis estad\u00edstico bayesiano.\u201d<\/td><\/tr><tr><td class=\"has-text-align-center\" data-align=\"center\"><strong>2020<\/strong><\/td><td class=\"has-text-align-center\" data-align=\"center\">10\u00aa edici\u00f3n \u201cInvestigaciones diacr\u00f3nicas de los discursos sobre la memoria: Casos de estudio de la \u00e9poca Prehisp\u00e1nica en los Andes y el periodo colonial en la gobernaci\u00f3n de Yucat\u00e1n\u201d<\/td><td class=\"has-text-align-center\" data-align=\"center\">12\u00aa edici\u00f3n \u201cUn estudio diacr\u00f3nico de los discursos sobre la memoria: Estudios de caso en los Andes prehisp\u00e1nicos y la Capitan\u00eda General Yucat\u00e1n del periodo colonial\u201d<\/td><\/tr><tr><td class=\"has-text-align-center\" data-align=\"center\"><\/td><td class=\"has-text-align-center\" data-align=\"center\">9\u00aa edici\u00f3n \u201cEstudios interdisciplinarios j\u00f3venes investigadores: Casos desde los Andes y Teotihuacan\u201d<\/td><td class=\"has-text-align-center\" data-align=\"center\">&#8212;<\/td><\/tr><tr><td class=\"has-text-align-center\" data-align=\"center\"><strong>2019<\/strong><\/td><td class=\"has-text-align-center\" data-align=\"center\">8\u00aa edici\u00f3n \u201cInvestigaciones interdisciplinarias sobre la civilizaci\u00f3n Maya &#8211; \u00daltimos descubrimientos\u201d<\/td><td class=\"has-text-align-center\" data-align=\"center\">11\u00aa edici\u00f3n \u201cPatrimonio cultural de la Am\u00e9rica Antigua\u201d<\/td><\/tr><tr><td class=\"has-text-align-center\" data-align=\"center\"><strong>2018<\/strong><\/td><td class=\"has-text-align-center\" data-align=\"center\">7\u00aa edici\u00f3n \u201cEl origen de las ollas de barro y los templos en Sudam\u00e9rica\u201d<\/td><td class=\"has-text-align-center\" data-align=\"center\">10\u00aa edici\u00f3n \u201cPir\u00e1mides,&nbsp;rituales, templos, ceremonias\u201d<\/td><\/tr><tr><td class=\"has-text-align-center\" data-align=\"center\"><\/td><td class=\"has-text-align-center\" data-align=\"center\">&#8212;<\/td><td class=\"has-text-align-center\" data-align=\"center\">9\u00aa edici\u00f3n \u201cEl per\u00edodo Poscl\u00e1sico de M\u00e9xico central: Una reevaluaci\u00f3n de los registros hist\u00f3ricos\u201d<\/td><\/tr><tr><td class=\"has-text-align-center\" data-align=\"center\"><strong>2017<\/strong><\/td><td class=\"has-text-align-center\" data-align=\"center\">6\u00aa edici\u00f3n \u201cLa situaci\u00f3n actual en el estudio de Pir\u00e1mides aprovechando las tecnolog\u00edas m\u00e1s recientes\u201d<\/td><td class=\"has-text-align-center\" data-align=\"center\">8\u00aa edici\u00f3n \u201cPresentaci\u00f3n de tesis de maestr\u00eda del a\u00f1o 2017\u201d<\/td><\/tr><tr><td class=\"has-text-align-center\" data-align=\"center\"><\/td><td class=\"has-text-align-center\" data-align=\"center\">&#8212;<\/td><td class=\"has-text-align-center\" data-align=\"center\">7\u00aa edici\u00f3n \u201cResultados y retos del Proyecto Arqueol\u00f3gico Tlalancaleca\u201d<\/td><\/tr><tr><td class=\"has-text-align-center\" data-align=\"center\"><strong>2016<\/strong><\/td><td class=\"has-text-align-center\" data-align=\"center\">5\u00aa edici\u00f3n \u201cInvestigaciones sobre rituales y ceremonias de la Am\u00e9rica Antigua\u201d<\/td><td class=\"has-text-align-center\" data-align=\"center\">6\u00aa edici\u00f3n \u201cLa cer\u00e1mica de la Am\u00e9rica Antigua\u201d<\/td><\/tr><tr><td class=\"has-text-align-center\" data-align=\"center\"><strong>2015<\/strong><\/td><td class=\"has-text-align-center\" data-align=\"center\">4\u00aa edici\u00f3n \u201cEstudios sobre los Maya por las nuevas generaciones de investigadores\u201d<\/td><td class=\"has-text-align-center\" data-align=\"center\">5\u00aa edici\u00f3n \u201cSituaci\u00f3n actual de las investigaciones sobre ceremonias y rituales en la arqueolog\u00eda\u201d<\/td><\/tr><tr><td class=\"has-text-align-center\" data-align=\"center\"><strong>2014<\/strong><\/td><td class=\"has-text-align-center\" data-align=\"center\">3\u00aa edici\u00f3n \u201cLa arqueolog\u00eda de la frontera sureste de Mesoam\u00e9rica &#8211; Presente y posibilidades\u201d<\/td><td class=\"has-text-align-center\" data-align=\"center\">4\u00aa edici\u00f3n \u201cLa materialidad del Poder\u201d<\/td><\/tr><tr><td class=\"has-text-align-center\" data-align=\"center\"><\/td><td class=\"has-text-align-center\" data-align=\"center\">&#8212;<\/td><td class=\"has-text-align-center\" data-align=\"center\">3\u00aa edici\u00f3n \u201cEl desarrollo de la arqueolog\u00eda sudamericana para el an\u00e1lisis de is\u00f3topos\u201d<\/td><\/tr><tr><td class=\"has-text-align-center\" data-align=\"center\"><strong>2013<\/strong><\/td><td class=\"has-text-align-center\" data-align=\"center\">2\u00aa edici\u00f3n \u201cUna mirada a las sociedades antiguas Vol.2\u201d<\/td><td class=\"has-text-align-center\" data-align=\"center\">2\u00aa edici\u00f3n \u201cUna mirada a las sociedades antiguas\u201d<\/td><\/tr><tr><td class=\"has-text-align-center\" data-align=\"center\"><strong>2012<\/strong><\/td><td class=\"has-text-align-center\" data-align=\"center\">1a edici\u00f3n \u201cArqueolog\u00eda P\u00fablica en Centro y Sudam\u00e9rica: \u2013 El espacio entre la gente y los sitios arqueol\u00f3gicos\u201d<\/td><td class=\"has-text-align-center\" data-align=\"center\">1\u00aa edici\u00f3n \u201cArqueolog\u00eda GIS para la Am\u00e9rica Antigua: La relaci\u00f3n entre rutas y regiones\u201d<\/td><\/tr><\/tbody><\/table><\/figure>\n","protected":false},"excerpt":{"rendered":"<p>Reuniones de investigaci\u00f3n de la Secci\u00f3n Jap\u00f3n Oeste Reuniones de investigaci\u00f3n de la Secci\u00f3n de Jap\u00f3n Este 2022 \u7b2c12\u56de\u300c\u82e5\u624b\u7814\u7a76\u8005\u306b\u3088\u308b\u7814\u7a76\u306e\u7d39\u4ecb2\uff1a\u30e2\u30cb\u30e5\u30e1\u30f3\u30c8\u306e\u306f\u3058\u307e\u308a-\u300c\u6368\u3066\u308b\u300d\u3068\u300c\u7bc9\u304f\u300d\u306e\u306f\u3056\u307e\u304b\u3089\u300d \u7b2c14\u56de\u300c\u82e5\u624b\u7814\u7a76\u8005\u306b\u3088\u308b\u7814\u7a76\u306e\u7d39\u4ecb2\uff1a\u30e2\u30cb\u30e5\u30e1\u30f3\u30c8\u306e\u306f\u3058\u307e\u308a-\u300c\u6368\u3066\u308b\u300d\u3068\u300c\u7bc9\u304f\u300d\u306e\u306f\u3056\u307e\u304b\u3089\u300d 2021 \u7b2c11\u56de\u300c\u8457\u8005\u3068\u8a9e\u308b\u56f3\u66f8\u7d39\u4ecb\u3000\u305d\u306e\u88cf\u5074\u5168\u90e8\u898b\u305b\u307e\u3059\uff01\uff01\u300d\u300e\u56f3\u8aac\u30de\u30e4\u6587\u660e\u300f\u00d7\u300e\u53e4\u4ee3\u30de\u30e4\u6587\u660e\u3000\u6804\u83ef\u3068\u8870\u4ea1\u306e3000\u5e74\u300f 13\u00aa edici\u00f3n \u201cEstudios de j\u00f3venes investigadores 1: La calibraci\u00f3n de C14 edad y el refinamiento de la cronolog\u00eda cer\u00e1mica mediante un an\u00e1lisis estad\u00edstico bayesiano.\u201d 2020 10\u00aa edici\u00f3n \u201cInvestigaciones diacr\u00f3nicas de los discursos sobre&#8230;<\/p>\n","protected":false},"author":7,"featured_media":0,"parent":0,"menu_order":5,"comment_status":"closed","ping_status":"closed","template":"","meta":{"_locale":"es_PE","_original_post":"https:\/\/huaquero.org\/?page_id=386","footnotes":""},"class_list":["post-2127","page","type-page","status-publish","hentry","es-PE"],"aioseo_notices":[],"_links":{"self":[{"href":"https:\/\/americaantigua.org\/wp-json\/wp\/v2\/pages\/2127","targetHints":{"allow":["GET"]}}],"collection":[{"href":"https:\/\/americaantigua.org\/wp-json\/wp\/v2\/pages"}],"about":[{"href":"https:\/\/americaantigua.org\/wp-json\/wp\/v2\/types\/page"}],"author":[{"embeddable":true,"href":"https:\/\/americaantigua.org\/wp-json\/wp\/v2\/users\/7"}],"replies":[{"embeddable":true,"href":"https:\/\/americaantigua.org\/wp-json\/wp\/v2\/comments?post=2127"}],"version-history":[{"count":2,"href":"https:\/\/americaantigua.org\/wp-json\/wp\/v2\/pages\/2127\/revisions"}],"predecessor-version":[{"id":2157,"href":"https:\/\/americaantigua.org\/wp-json\/wp\/v2\/pages\/2127\/revisions\/2157"}],"wp:attachment":[{"href":"https:\/\/americaantigua.org\/wp-json\/wp\/v2\/media?parent=2127"}],"curies":[{"name":"wp","href":"https:\/\/api.w.org\/{rel}","templated":true}]}}