{"id":2101,"date":"2022-08-27T08:16:17","date_gmt":"2022-08-27T08:16:17","guid":{"rendered":"https:\/\/americaantigua.org\/?page_id=2101"},"modified":"2026-02-11T05:55:19","modified_gmt":"2026-02-11T05:55:19","slug":"who-we-are","status":"publish","type":"page","link":"https:\/\/americaantigua.org\/es\/who-we-are\/","title":{"rendered":"Sobre la Sociedad Japonesa de Estudios sobre la Am\u00e9rica Antigua"},"content":{"rendered":"<p style=\"text-align: center;\"><strong>\u00bfQu\u00e9 es la Sociedad Japonesa de Estudios sobre la Am\u00e9rica Antigua?<\/strong><\/p>\n<div><span lang=\"ES\">&nbsp;La Sociedad Japonesa de Estudios sobre la Am\u00e9rica Antigua se fund\u00f3 con el objetivo de que los investigadores sobre la prehistoria, arqueolog\u00eda y campos afines del continente americano pudieran profundizar en sus investigaciones y ampliar su conocimiento mutuo mediante un animado intercambio de ideas e informaci\u00f3n, y para contribuir al desarrollo de dichas investigaciones en Jap\u00f3n.<\/span><\/div>\n<div>&nbsp;<\/div>\n<div><span lang=\"ES\">&nbsp;Su antecesora fue la Sociedad para el Estudio de la Am\u00e9rica Antigua, creada en 1996 por Yoshio Onuki (profesor em\u00e9rito de la Universidad de Tokio). En noviembre de 2003, la Sociedad celebr\u00f3 una asamblea general y decidi\u00f3 cambiar su nombre por el de Sociedad para el Estudio de la Am\u00e9rica Antigua.<\/span><\/div>\n\n\n<p class=\"has-text-align-center\">&#8211;<\/p>\n\n\n\n<p class=\"has-text-align-center\"><a href=\"https:\/\/americaantigua.org\/wp-content\/uploads\/2020\/09\/constitution2019.pdf\" target=\"_blank\" rel=\"noopener\">Estatutos de la Sociedad Japonesa de Estudios sobre la Am\u00e9rica Antigua (en japon\u00e9s)<\/a><\/p>\n\n\n\n<p class=\"has-text-align-center\">&#8211;<\/p>\n\n\n<p style=\"text-align: center;\"><strong>Miembros del 15\u00ba Consejo Directivo de la Sociedad Japonesa de Estudios sobre la Am\u00e9rica Antigua (2025.1\uff5e2026.12)<\/strong><\/p>\n<p style=\"text-align: center;\"><b>Presidente<\/b><br>Kazuo Aoyama, Universidad de Ibaraki<\/p>\n<p style=\"text-align: center;\"><b>Secretario Presidente<\/b><br>Shinya Watanabe, Universidad Nanzan<\/p>\n<p style=\"text-align: center;\"><strong>Miembros del Comit\u00e9 de Auditor\u00eda<\/strong><br>Yuichi Matsumoto, Museo Nacional de Etnolog\u00eda<br>Masakage Murano, Universidad de Shizuoka<\/p>\n<p style=\"text-align: center;\"><strong>Miembros del Comit\u00e9 Directivo<\/strong><br>Teruaki Yoshida\uff08Investigaci\u00f3n\uff09, Universidad Tokai<br>Go Matsumoto\uff08Publicidad\uff09, Universidad de Yamagata<br>Kazuho Shoji (\u00eddem), Universidad de Yamagata<br>Mai Takigami\uff08Bolet\u00edn\uff3bencargado principal\uff3d), Museo Nacional de Naturaleza y Ciencia<br>Yuki Watanabe\uff08\u00cddem\uff3bviceencargada\uff3d), Universidad Keio<br>Shintaro Suzuki\uff08Revista\uff3bencargado principal\uff3d), Instituto de Investigaciones de las Din\u00e1micas de Civilizaciones, Universidad de Okayama<br>Hironori Fukuhara\uff08\u00eddem\uff3bviceencargado\uff3d), Universidad de Saitama<br>Atsushi Yamamoto\uff08\u00eddem\uff3bviceencargado\uff3d), Universidad de Yamagata<br>Hisanori Morishita\uff08\u00eddem\uff3bviceencargado\uff3d), Colegio de la Universidad Waseda<br>Megumi Arata\uff08Contadur\u00eda), Museo Sankokan, Universidad de Tenri<\/p>\n<p style=\"text-align: center;\"><strong>Secretar\u00eda Administrativa<\/strong><br>Nagisa Nakagawa, Universidad de Nagoya<\/p>\n<p style=\"text-align: center;\"><strong>Asistente de Secretar\u00eda Administrativa<\/strong><br>Tomohiro Minami, Universidad Nanzan<\/p>\n\n\n<p class=\"has-text-align-center\">&#8211;<\/p>\n\n\n\n<p class=\"has-text-align-center\"><strong><a href=\"https:\/\/americaantigua.org\/who-we-are\/directors\/\">Consejos directivos anteriores&nbsp;(en japon\u00e9s)<\/a><\/strong><\/p>\n\n\n\n<p class=\"has-text-align-center\">&#8211;<\/p>\n\n\n\n<p class=\"has-text-align-center\"><strong><a href=\"https:\/\/americaantigua.org\/wp-content\/uploads\/2020\/09\/rinrikouryou2019.pdf\">C\u00f3digo de \u00c9tica de la Sociedad Japonesa de Estudios sobre la Am\u00e9rica Antigua (en japon\u00e9s)<\/a><\/strong><\/p>\n","protected":false},"excerpt":{"rendered":"<p>\u00bfQu\u00e9 es la Sociedad Japonesa de Estudios sobre la Am\u00e9rica Antigua? &nbsp;La Sociedad Japonesa de Estudios sobre la Am\u00e9rica Antigua se fund\u00f3 con el objetivo de que los investigadores sobre la prehistoria, arqueolog\u00eda y campos afines del continente americano pudieran profundizar en sus investigaciones y ampliar su conocimiento mutuo mediante un animado intercambio de ideas&#8230;<\/p>\n","protected":false},"author":7,"featured_media":0,"parent":0,"menu_order":1,"comment_status":"closed","ping_status":"closed","template":"","meta":{"_locale":"es_PE","_original_post":"http:\/\/jssaa2019.local\/?page_id=84","footnotes":""},"class_list":["post-2101","page","type-page","status-publish","hentry","es-PE"],"aioseo_notices":[],"_links":{"self":[{"href":"https:\/\/americaantigua.org\/wp-json\/wp\/v2\/pages\/2101","targetHints":{"allow":["GET"]}}],"collection":[{"href":"https:\/\/americaantigua.org\/wp-json\/wp\/v2\/pages"}],"about":[{"href":"https:\/\/americaantigua.org\/wp-json\/wp\/v2\/types\/page"}],"author":[{"embeddable":true,"href":"https:\/\/americaantigua.org\/wp-json\/wp\/v2\/users\/7"}],"replies":[{"embeddable":true,"href":"https:\/\/americaantigua.org\/wp-json\/wp\/v2\/comments?post=2101"}],"version-history":[{"count":19,"href":"https:\/\/americaantigua.org\/wp-json\/wp\/v2\/pages\/2101\/revisions"}],"predecessor-version":[{"id":3120,"href":"https:\/\/americaantigua.org\/wp-json\/wp\/v2\/pages\/2101\/revisions\/3120"}],"wp:attachment":[{"href":"https:\/\/americaantigua.org\/wp-json\/wp\/v2\/media?parent=2101"}],"curies":[{"name":"wp","href":"https:\/\/api.w.org\/{rel}","templated":true}]}}